{"id":175,"date":"2013-06-07T21:32:25","date_gmt":"2013-06-07T20:32:25","guid":{"rendered":"http:\/\/www.tarja.fr\/web\/?page_id=175"},"modified":"2013-06-09T07:55:24","modified_gmt":"2013-06-09T06:55:24","slug":"2010-what-lies-beneath","status":"publish","type":"page","link":"http:\/\/www.tarja.fr\/web\/2010-what-lies-beneath\/","title":{"rendered":"2010 : What Lies Beneath"},"content":{"rendered":"<h6 style=\"text-align: center;\"><img loading=\"lazy\" decoding=\"async\" class=\"aligncenter size-full wp-image-86\" alt=\"What Lies Beneath\" src=\"http:\/\/www.tarja.fr\/web\/wp-content\/uploads\/2013\/06\/whatliesbeneath-300.jpg\" width=\"300\" height=\"300\" srcset=\"http:\/\/www.tarja.fr\/web\/wp-content\/uploads\/2013\/06\/whatliesbeneath-300.jpg 300w, http:\/\/www.tarja.fr\/web\/wp-content\/uploads\/2013\/06\/whatliesbeneath-300-150x150.jpg 150w\" sizes=\"auto, (max-width: 300px) 100vw, 300px\" \/>Anteroom Of Death<br \/>\nUntil My Last Breath<br \/>\nI Feel Immortal<br \/>\nIn For A Kill<br \/>\nUnderneath<br \/>\nLittle Lies<br \/>\nRivers Of Lust<br \/>\nDark Star<br \/>\nFalling Awake<br \/>\nThe Archive Of Lost Dreams<br \/>\nCrimson Deep<\/h6>\n<p style=\"text-align: center;\"><a href=\"http:\/\/www.tarja.fr\/web\/wp-content\/uploads\/2013\/06\/WLB1.jpg\"><img loading=\"lazy\" decoding=\"async\" class=\"alignnone size-thumbnail wp-image-235\" alt=\"WLB1\" src=\"http:\/\/www.tarja.fr\/web\/wp-content\/uploads\/2013\/06\/WLB1-150x150.jpg\" width=\"150\" height=\"150\" \/><\/a> <a href=\"http:\/\/www.tarja.fr\/web\/wp-content\/uploads\/2013\/06\/WLB2.jpg\"><img loading=\"lazy\" decoding=\"async\" class=\"alignnone size-thumbnail wp-image-236\" alt=\"WLB2\" src=\"http:\/\/www.tarja.fr\/web\/wp-content\/uploads\/2013\/06\/WLB2-150x150.jpg\" width=\"150\" height=\"150\" \/><\/a> <a href=\"http:\/\/www.tarja.fr\/web\/wp-content\/uploads\/2013\/06\/WLB3.jpg\"><img loading=\"lazy\" decoding=\"async\" class=\"alignnone size-thumbnail wp-image-237\" alt=\"WLB3\" src=\"http:\/\/www.tarja.fr\/web\/wp-content\/uploads\/2013\/06\/WLB3-150x150.jpg\" width=\"150\" height=\"150\" \/><\/a> <a href=\"http:\/\/www.tarja.fr\/web\/wp-content\/uploads\/2013\/06\/WLB4.jpg\"><img loading=\"lazy\" decoding=\"async\" class=\"alignnone size-thumbnail wp-image-238\" alt=\"WLB4\" src=\"http:\/\/www.tarja.fr\/web\/wp-content\/uploads\/2013\/06\/WLB4-150x150.jpg\" width=\"150\" height=\"150\" srcset=\"http:\/\/www.tarja.fr\/web\/wp-content\/uploads\/2013\/06\/WLB4-150x150.jpg 150w, http:\/\/www.tarja.fr\/web\/wp-content\/uploads\/2013\/06\/WLB4-300x300.jpg 300w, http:\/\/www.tarja.fr\/web\/wp-content\/uploads\/2013\/06\/WLB4.jpg 400w\" sizes=\"auto, (max-width: 150px) 100vw, 150px\" \/><\/a><\/p>\n<p><span style=\"color: #ff99cc;\"><strong>Date de sortie : <\/strong><\/span>31 Ao\u00fbt 2010<br \/>\n<span style=\"color: #ff99cc;\"><strong>Dur\u00e9e :\u00a0<\/strong><\/span>73 min environ (selon les versions)<br \/>\n<span style=\"color: #ff99cc;\"><strong>Label : <\/strong><\/span>Vertigo \/ Universal \/ The End Records<\/p>\n<p><span style=\"color: #ff99cc;\"><strong>Pochettes alternatives :<\/strong><\/span><br \/>\n<a href=\"http:\/\/www.tarja.fr\/web\/wp-content\/uploads\/2013\/06\/0eab31d0973a693cc20e6ab28e0526b5.jpg\"><img loading=\"lazy\" decoding=\"async\" class=\"alignnone size-thumbnail wp-image-231\" alt=\"WLB\" src=\"http:\/\/www.tarja.fr\/web\/wp-content\/uploads\/2013\/06\/0eab31d0973a693cc20e6ab28e0526b5-150x150.jpg\" width=\"150\" height=\"150\" srcset=\"http:\/\/www.tarja.fr\/web\/wp-content\/uploads\/2013\/06\/0eab31d0973a693cc20e6ab28e0526b5-150x150.jpg 150w, http:\/\/www.tarja.fr\/web\/wp-content\/uploads\/2013\/06\/0eab31d0973a693cc20e6ab28e0526b5-300x300.jpg 300w, http:\/\/www.tarja.fr\/web\/wp-content\/uploads\/2013\/06\/0eab31d0973a693cc20e6ab28e0526b5.jpg 500w\" sizes=\"auto, (max-width: 150px) 100vw, 150px\" \/><\/a> <a href=\"http:\/\/www.tarja.fr\/web\/wp-content\/uploads\/2013\/06\/146634.jpg\"><img loading=\"lazy\" decoding=\"async\" class=\"alignnone size-thumbnail wp-image-233\" alt=\"WLB\" src=\"http:\/\/www.tarja.fr\/web\/wp-content\/uploads\/2013\/06\/146634-150x150.jpg\" width=\"150\" height=\"150\" srcset=\"http:\/\/www.tarja.fr\/web\/wp-content\/uploads\/2013\/06\/146634-150x150.jpg 150w, http:\/\/www.tarja.fr\/web\/wp-content\/uploads\/2013\/06\/146634-300x300.jpg 300w, http:\/\/www.tarja.fr\/web\/wp-content\/uploads\/2013\/06\/146634-624x624.jpg 624w, http:\/\/www.tarja.fr\/web\/wp-content\/uploads\/2013\/06\/146634.jpg 650w\" sizes=\"auto, (max-width: 150px) 100vw, 150px\" \/><\/a> <a href=\"http:\/\/www.tarja.fr\/web\/wp-content\/uploads\/2013\/06\/56609121.jpg\"><img loading=\"lazy\" decoding=\"async\" class=\"alignnone size-thumbnail wp-image-234\" alt=\"WLB\" src=\"http:\/\/www.tarja.fr\/web\/wp-content\/uploads\/2013\/06\/56609121-150x150.jpg\" width=\"150\" height=\"150\" \/><\/a><\/p>\n<p><span style=\"color: #ff99cc;\"><strong>Singles :<br \/>\n<\/strong><\/span>1. \u00ab\u00a0Falling Awake\u00a0\u00bb (Juillet 2010)<br \/>\n2. \u00ab\u00a0I Feel Immortal\u00a0\u00bb (Ao\u00fbt 2010)<br \/>\n3. \u00ab\u00a0Until My Last Breath\u00a0\u00bb (Ao\u00fbt 2010)<br \/>\n4. \u00ab\u00a0Underneath\u00a0\u00bb (Avril 2011)<\/p>\n<p><span style=\"color: #ff99cc;\"><strong>Bonus tracks : <\/strong><\/span><br \/>\n&#8211; We Are<br \/>\n&#8211; Naiad<br \/>\n&#8211; Still Of The Night (reprise de Whitesnake)<br \/>\n&#8211; Monta\u00f1as de Silencio<br \/>\n&#8211; The Crying Moon<br \/>\n&#8211; If You Believe<\/p>\n<p style=\"text-align: justify;\"><strong><span style=\"color: #ff99cc;\">Remarques :<\/span><br \/>\n<\/strong>\u00ab\u00a0What Lies Beneath\u00a0\u00bb est le deuxi\u00e8me album de Tarja. R\u00e9solument plus heavy et metal que \u00ab\u00a0My Winter Storm\u00a0\u00bb, il a connu un plus grand succ\u00e8s que celui-ci, et fut de mani\u00e8re g\u00e9n\u00e9rale mieux accueilli par le public. Il a pu \u00e9galement b\u00e9n\u00e9fici\u00e9 d&rsquo;une promo bien organis\u00e9e et de clips r\u00e9ussis. A noter que de nombreuses versions diff\u00e9rentes sont sorties, selon les pays, avec des bonus tracks ou des pochettes sensiblement diff\u00e9rentes.<\/p>\n<p style=\"text-align: justify;\"><span style=\"color: #ff99cc;\"><strong>Description de l&rsquo;album : <\/strong><\/span><br \/>\nDans cet album, Tarja continue sa carri\u00e8re solo avec ing\u00e9niosit\u00e9 : l&rsquo;album regorge de style diff\u00e9rent, et, afin de combler les demandes des fans, se veut plus heavy que le premier. Les premiers singles marquent tout de suite une rupture avec \u00ab\u00a0My Winter Storm\u00a0\u00bb : \u00ab\u00a0Falling Awake\u00a0\u00bb laisse la place belle aux guitares heavy, et est un teaser-single des plus r\u00e9ussis. C&rsquo;est \u00e9galement l&rsquo;un des morceaux pr\u00e9f\u00e9r\u00e9s de Tarja ! \u00ab\u00a0Until My Last Breath\u00a0\u00bb et \u00ab\u00a0Dark Star\u00a0\u00bb sont deux autres morceaux heavy tr\u00e8s accrocheurs : le premier aura une belle carri\u00e8re de single, et le deuxi\u00e8me sera l&rsquo;un des titres phares de la tourn\u00e9e, dans laquelle il sera souvent jou\u00e9 en ouverture. A c\u00f4t\u00e9 de ces morceaux, Tarja offre toujours plusieurs ballades, souvent tr\u00e8s soign\u00e9es et richement orchestr\u00e9es, dans lesquelles la chanteuse multiplie les vocalises : \u00ab\u00a0I Feel Immortal\u00a0\u00bb en est l&rsquo;exemple parfait. Enfin, Tarja s&rsquo;essaie toujours \u00e0 de nouveaux \u00ab\u00a0styles\u00a0\u00bb, comme le morceau d&rsquo;ouverture, \u00ab\u00a0Anteroom Of Death\u00a0\u00bb, surprenant d&rsquo;originalit\u00e9, la ballade mid-tempo \u00ab\u00a0Naiad\u00a0\u00bb qui nous plonge dans une ambiance diablement aquatique, ou le morceau de bravoure qu&rsquo;est \u00ab\u00a0Crimson Deep\u00a0\u00bb qui termine l&rsquo;album. Une r\u00e9ussite !<\/p>\n<p>&nbsp;<\/p>\n","protected":false},"excerpt":{"rendered":"<p>Anteroom Of Death Until My Last Breath I Feel Immortal In For A Kill Underneath Little Lies Rivers Of Lust Dark Star Falling Awake The Archive Of Lost Dreams Crimson Deep Date de sortie : 31 Ao\u00fbt 2010 Dur\u00e9e :\u00a073 min environ (selon les versions) Label : Vertigo \/ Universal \/ The End Records Pochettes [&hellip;]<\/p>\n","protected":false},"author":1,"featured_media":0,"parent":0,"menu_order":0,"comment_status":"closed","ping_status":"closed","template":"","meta":{"footnotes":""},"class_list":["post-175","page","type-page","status-publish","hentry"],"_links":{"self":[{"href":"http:\/\/www.tarja.fr\/web\/wp-json\/wp\/v2\/pages\/175","targetHints":{"allow":["GET"]}}],"collection":[{"href":"http:\/\/www.tarja.fr\/web\/wp-json\/wp\/v2\/pages"}],"about":[{"href":"http:\/\/www.tarja.fr\/web\/wp-json\/wp\/v2\/types\/page"}],"author":[{"embeddable":true,"href":"http:\/\/www.tarja.fr\/web\/wp-json\/wp\/v2\/users\/1"}],"replies":[{"embeddable":true,"href":"http:\/\/www.tarja.fr\/web\/wp-json\/wp\/v2\/comments?post=175"}],"version-history":[{"count":6,"href":"http:\/\/www.tarja.fr\/web\/wp-json\/wp\/v2\/pages\/175\/revisions"}],"predecessor-version":[{"id":240,"href":"http:\/\/www.tarja.fr\/web\/wp-json\/wp\/v2\/pages\/175\/revisions\/240"}],"wp:attachment":[{"href":"http:\/\/www.tarja.fr\/web\/wp-json\/wp\/v2\/media?parent=175"}],"curies":[{"name":"wp","href":"https:\/\/api.w.org\/{rel}","templated":true}]}}