{"id":182,"date":"2013-06-07T21:57:32","date_gmt":"2013-06-07T20:57:32","guid":{"rendered":"http:\/\/www.tarja.fr\/web\/?page_id=182"},"modified":"2013-10-25T17:40:40","modified_gmt":"2013-10-25T16:40:40","slug":"2013-colours-in-the-dark","status":"publish","type":"page","link":"http:\/\/www.tarja.fr\/web\/2013-colours-in-the-dark\/","title":{"rendered":"2013 : Colours In The Dark"},"content":{"rendered":"<h6><img loading=\"lazy\" decoding=\"async\" class=\"aligncenter size-full wp-image-79\" alt=\"Colours In The Dark\" src=\"http:\/\/www.tarja.fr\/web\/wp-content\/uploads\/2013\/06\/coloursinthedark-300.jpg\" width=\"300\" height=\"300\" srcset=\"http:\/\/www.tarja.fr\/web\/wp-content\/uploads\/2013\/06\/coloursinthedark-300.jpg 300w, http:\/\/www.tarja.fr\/web\/wp-content\/uploads\/2013\/06\/coloursinthedark-300-150x150.jpg 150w\" sizes=\"auto, (max-width: 300px) 100vw, 300px\" \/><\/h6>\n<h6 style=\"text-align: center;\"><span><strong>Victim Of Virtual<br \/>\n500 Letters<br \/>\nLucid Dreamer<br \/>\nNever Enough<br \/>\nMystique Voyage<br \/>\nDarkness<br \/>\nDeliverance<br \/>\nNeverlight<br \/>\nUntil Silence<br \/>\nMedusa<\/strong><\/span><\/h6>\n<h6 style=\"text-align: left;\"><span><strong><span style=\"color: #ff99cc;\"><span style=\"font-size: 1rem; line-height: 1.714285714;\">Date de sortie : <\/span><\/span><\/strong><\/span><span style=\"line-height: 1.714285714; font-size: 1rem;\">23 Ao\u00fbt 2013<\/span><\/h6>\n<p><span style=\"color: #ff99cc;\"><strong>Dur\u00e9e : <\/strong><span style=\"color: #000000;\">61&rsquo;11<\/span><\/span><br \/>\n<span style=\"color: #ff99cc;\"><strong>Label : <\/strong><\/span>EarMusic<\/p>\n<p><span style=\"color: #ff99cc;\"><strong>Pochettes alternatives : <\/strong><\/span><br \/>\n<a href=\"http:\/\/www.tarja.fr\/web\/wp-content\/uploads\/2013\/06\/Tarja_Colours-In-The-Dark_Special-Edition_0208795ERE.jpg\"><img loading=\"lazy\" decoding=\"async\" class=\"alignnone size-thumbnail wp-image-12\" alt=\"Tarja_Colours-In-The-Dark_Special-Edition_0208795ERE\" src=\"http:\/\/www.tarja.fr\/web\/wp-content\/uploads\/2013\/06\/Tarja_Colours-In-The-Dark_Special-Edition_0208795ERE-150x150.jpg\" width=\"150\" height=\"150\" srcset=\"http:\/\/www.tarja.fr\/web\/wp-content\/uploads\/2013\/06\/Tarja_Colours-In-The-Dark_Special-Edition_0208795ERE-150x150.jpg 150w, http:\/\/www.tarja.fr\/web\/wp-content\/uploads\/2013\/06\/Tarja_Colours-In-The-Dark_Special-Edition_0208795ERE-300x300.jpg 300w, http:\/\/www.tarja.fr\/web\/wp-content\/uploads\/2013\/06\/Tarja_Colours-In-The-Dark_Special-Edition_0208795ERE-1024x1024.jpg 1024w, http:\/\/www.tarja.fr\/web\/wp-content\/uploads\/2013\/06\/Tarja_Colours-In-The-Dark_Special-Edition_0208795ERE-624x624.jpg 624w, http:\/\/www.tarja.fr\/web\/wp-content\/uploads\/2013\/06\/Tarja_Colours-In-The-Dark_Special-Edition_0208795ERE.jpg 1134w\" sizes=\"auto, (max-width: 150px) 100vw, 150px\" \/><\/a> <a href=\"http:\/\/www.tarja.fr\/web\/wp-content\/uploads\/2013\/06\/Tarja_-_Colours_In_The_Dark_Vinyl.jpg\"><img loading=\"lazy\" decoding=\"async\" class=\"alignnone size-thumbnail wp-image-249\" alt=\"Tarja_-_Colours_In_The_Dark_Vinyl\" src=\"http:\/\/www.tarja.fr\/web\/wp-content\/uploads\/2013\/06\/Tarja_-_Colours_In_The_Dark_Vinyl-150x150.jpg\" width=\"150\" height=\"150\" srcset=\"http:\/\/www.tarja.fr\/web\/wp-content\/uploads\/2013\/06\/Tarja_-_Colours_In_The_Dark_Vinyl-150x150.jpg 150w, http:\/\/www.tarja.fr\/web\/wp-content\/uploads\/2013\/06\/Tarja_-_Colours_In_The_Dark_Vinyl-300x300.jpg 300w, http:\/\/www.tarja.fr\/web\/wp-content\/uploads\/2013\/06\/Tarja_-_Colours_In_The_Dark_Vinyl.jpg 500w\" sizes=\"auto, (max-width: 150px) 100vw, 150px\" \/><\/a> <a href=\"http:\/\/www.tarja.fr\/web\/wp-content\/uploads\/2013\/06\/Tarja_Colours-In-The-Dark_Boxset.jpg\"><img loading=\"lazy\" decoding=\"async\" class=\"alignnone size-thumbnail wp-image-250\" alt=\"Tarja_Colours-In-The-Dark_Boxset\" src=\"http:\/\/www.tarja.fr\/web\/wp-content\/uploads\/2013\/06\/Tarja_Colours-In-The-Dark_Boxset-150x150.jpg\" width=\"150\" height=\"150\" srcset=\"http:\/\/www.tarja.fr\/web\/wp-content\/uploads\/2013\/06\/Tarja_Colours-In-The-Dark_Boxset-150x150.jpg 150w, http:\/\/www.tarja.fr\/web\/wp-content\/uploads\/2013\/06\/Tarja_Colours-In-The-Dark_Boxset-300x300.jpg 300w, http:\/\/www.tarja.fr\/web\/wp-content\/uploads\/2013\/06\/Tarja_Colours-In-The-Dark_Boxset.jpg 500w\" sizes=\"auto, (max-width: 150px) 100vw, 150px\" \/><\/a><\/p>\n<p><strong><span style=\"color: #ff99cc;\">Singles :<\/span><br \/>\n<\/strong>1. \u00ab\u00a0Never Enough\u00a0\u00bb (teaser single)<br \/>\n2. \u00ab\u00a0Victim Of Ritual\u00a0\u00bb<br \/>\n3. \u00ab\u00a0500 Letters\u00a0\u00bb<\/p>\n<p><span style=\"color: #ff99cc;\"><strong>Bonus tracks : <\/strong><\/span><br \/>\n&#8211; Into The Sun<br \/>\n&#8211; Neverlight (Full Orchestral Version)<br \/>\n&#8211; Until Silence (Full Orchestral Version)<br \/>\n&#8211; Deliverance (Instrumental Version)<br \/>\n&#8211; Medusa (Tarja Version)<\/p>\n<p style=\"text-align: justify;\"><strong><span style=\"color: #ff99cc;\">Remarques :<\/span><br \/>\n<\/strong>\u00ab\u00a0Colours In The Dark\u00a0\u00bb est le troisi\u00e8me album de Tarja. Sorti pratiquement trois ans apr\u00e8s \u00ab\u00a0What Lies Beneath\u00a0\u00bb, cet album va vite rencontr\u00e9 un beau succ\u00e8s. Les critiques presse sont bonnes et le public est r\u00e9ceptif. La promo est bien organis\u00e9e avec de nombreuses vid\u00e9os, teaser, interview de Tarja&#8230; Du plaisir pour les fans !<\/p>\n<p style=\"text-align: justify;\"><span style=\"color: #ff99cc;\"><strong>Description de l&rsquo;album : <\/strong><\/span><br \/>\nChaque album de Tarja est l&rsquo;occasion pour la chanteuse d&rsquo;exp\u00e9rimenter de nouvelles choses, de nouvelles voies. Tarja ne se refuse rien et ne souhaite pas limiter sa musique aux valeurs s\u00fbres \u00a0qui ont d\u00e9j\u00e0 fait son succ\u00e8s, mais souhaite naviguer dans de nouvelles directions \u00e0 chaque album. \u00ab\u00a0Colours In The Dark\u00a0\u00bb ne d\u00e9roge donc pas \u00e0 la r\u00e8gle et propose peut \u00eatre l&rsquo;album le plus pouss\u00e9 et le plus d\u00e9taill\u00e9. Il demande plusieurs \u00e9coutes afin de bien l&rsquo;assimiler, et les titres \u00ab\u00a0directs\u00a0\u00bb sont moins pr\u00e9sents. Au contraire, Tarja exp\u00e9rimente plusieurs longs morceaux, de plus de 7 minutes, et offre ainsi son album le plus personnel. \u00ab\u00a0Mystique Voyage\u00a0\u00bb, morceau \u00e9crit et compos\u00e9 par la chanteuse, en est le parfait exemple. \u00ab\u00a0Lucid Dreamer\u00a0\u00bb ose aussi des distorsions dans la musique habituelle. \u00ab\u00a0Deliverance\u00a0\u00bb propose de son c\u00f4t\u00e9 des choeurs et des vocalises qui en font un bijou incontournable de ce nouvel album. En conclusion, offrez plusieurs \u00e9coutes \u00e0 cet album et vous finirez tr\u00e8s vite par tomber dans son charme !<\/p>\n","protected":false},"excerpt":{"rendered":"<p>Victim Of Virtual 500 Letters Lucid Dreamer Never Enough Mystique Voyage Darkness Deliverance Neverlight Until Silence Medusa Date de sortie : 23 Ao\u00fbt 2013 Dur\u00e9e : 61&rsquo;11 Label : EarMusic Pochettes alternatives : Singles : 1. \u00ab\u00a0Never Enough\u00a0\u00bb (teaser single) 2. \u00ab\u00a0Victim Of Ritual\u00a0\u00bb 3. \u00ab\u00a0500 Letters\u00a0\u00bb Bonus tracks : &#8211; Into The Sun &#8211; [&hellip;]<\/p>\n","protected":false},"author":1,"featured_media":0,"parent":0,"menu_order":0,"comment_status":"closed","ping_status":"closed","template":"","meta":{"footnotes":""},"class_list":["post-182","page","type-page","status-publish","hentry"],"_links":{"self":[{"href":"http:\/\/www.tarja.fr\/web\/wp-json\/wp\/v2\/pages\/182","targetHints":{"allow":["GET"]}}],"collection":[{"href":"http:\/\/www.tarja.fr\/web\/wp-json\/wp\/v2\/pages"}],"about":[{"href":"http:\/\/www.tarja.fr\/web\/wp-json\/wp\/v2\/types\/page"}],"author":[{"embeddable":true,"href":"http:\/\/www.tarja.fr\/web\/wp-json\/wp\/v2\/users\/1"}],"replies":[{"embeddable":true,"href":"http:\/\/www.tarja.fr\/web\/wp-json\/wp\/v2\/comments?post=182"}],"version-history":[{"count":10,"href":"http:\/\/www.tarja.fr\/web\/wp-json\/wp\/v2\/pages\/182\/revisions"}],"predecessor-version":[{"id":424,"href":"http:\/\/www.tarja.fr\/web\/wp-json\/wp\/v2\/pages\/182\/revisions\/424"}],"wp:attachment":[{"href":"http:\/\/www.tarja.fr\/web\/wp-json\/wp\/v2\/media?parent=182"}],"curies":[{"name":"wp","href":"https:\/\/api.w.org\/{rel}","templated":true}]}}