{"id":192,"date":"2013-06-07T22:21:44","date_gmt":"2013-06-07T21:21:44","guid":{"rendered":"http:\/\/www.tarja.fr\/web\/?page_id=192"},"modified":"2013-06-09T08:03:40","modified_gmt":"2013-06-09T07:03:40","slug":"2012-act-1","status":"publish","type":"page","link":"http:\/\/www.tarja.fr\/web\/2012-act-1\/","title":{"rendered":"2012 : Act 1"},"content":{"rendered":"<p><img loading=\"lazy\" decoding=\"async\" class=\"size-full wp-image-193 aligncenter\" alt=\"Act 1\" src=\"http:\/\/www.tarja.fr\/web\/wp-content\/uploads\/2013\/06\/300-act1.jpg\" width=\"300\" height=\"300\" srcset=\"http:\/\/www.tarja.fr\/web\/wp-content\/uploads\/2013\/06\/300-act1.jpg 300w, http:\/\/www.tarja.fr\/web\/wp-content\/uploads\/2013\/06\/300-act1-150x150.jpg 150w\" sizes=\"auto, (max-width: 300px) 100vw, 300px\" \/><\/p>\n<h6 style=\"text-align: center;\">CD 1 :<br \/>\nAnteroom Of Death<br \/>\nMy Little Phoenix<br \/>\nDark Star<br \/>\nNaiad<br \/>\nFalling Awake<br \/>\nI Walk Alone<br \/>\nLittle Lies<br \/>\nInto The Sun<br \/>\nNemo<br \/>\nNever Enough<br \/>\nStill Of The Night<br \/>\nIn For A Kill<\/h6>\n<h6 style=\"text-align: center;\">CD 2 :<br \/>\nBoy And The Ghost<br \/>\nLost Northern Star<br \/>\nCiaran&rsquo;s Well<br \/>\nTired Of Being Alone<br \/>\nWhere Were You Last Night \/ Heaven Is A Place On Earth \/ Livin&rsquo; On A Prayer<br \/>\nUnderneath<br \/>\nOasis \/ The Archive Of Lost Dreams<br \/>\nCrimson Deep<br \/>\nThe Phantom Of The Opera<br \/>\nDie Alive<br \/>\nUntil My Last Breath<br \/>\nOver The Hills And Far Away<\/h6>\n<p><strong><span style=\"color: #ff99cc;\">Date de sortie :<\/span> <\/strong>24 Ao\u00fbt 2012<br \/>\n<span style=\"color: #ff99cc;\"><strong>Dur\u00e9e : <\/strong><\/span>2:03:48 (pour la version 2CD)<br \/>\n<span style=\"color: #ff99cc;\"><strong>Label : <\/strong><\/span>Earmusic \/ Universal Music \/ Nuclear Blast<\/p>\n<p><strong><span style=\"color: #ff99cc;\">Pochettes alternatives :<\/span><br \/>\n<a href=\"http:\/\/www.tarja.fr\/web\/wp-content\/uploads\/2013\/06\/act1-1.jpg\"><img loading=\"lazy\" decoding=\"async\" class=\"alignnone size-thumbnail wp-image-244\" alt=\"act1-1\" src=\"http:\/\/www.tarja.fr\/web\/wp-content\/uploads\/2013\/06\/act1-1-150x150.jpg\" width=\"150\" height=\"150\" \/><\/a> <a href=\"http:\/\/www.tarja.fr\/web\/wp-content\/uploads\/2013\/06\/act1-2.jpg\"><img loading=\"lazy\" decoding=\"async\" class=\"alignnone size-thumbnail wp-image-245\" alt=\"act1-2\" src=\"http:\/\/www.tarja.fr\/web\/wp-content\/uploads\/2013\/06\/act1-2-150x150.jpg\" width=\"150\" height=\"150\" \/><\/a> <a href=\"http:\/\/www.tarja.fr\/web\/wp-content\/uploads\/2013\/06\/act1-3.jpg\"><img loading=\"lazy\" decoding=\"async\" class=\"alignnone size-thumbnail wp-image-246\" alt=\"act1-3\" src=\"http:\/\/www.tarja.fr\/web\/wp-content\/uploads\/2013\/06\/act1-3-150x150.jpg\" width=\"150\" height=\"150\" \/><\/a> <a href=\"http:\/\/www.tarja.fr\/web\/wp-content\/uploads\/2013\/06\/act1-4.jpg\"><img loading=\"lazy\" decoding=\"async\" class=\"alignnone size-thumbnail wp-image-247\" alt=\"act1-4\" src=\"http:\/\/www.tarja.fr\/web\/wp-content\/uploads\/2013\/06\/act1-4-150x150.jpg\" width=\"150\" height=\"150\" srcset=\"http:\/\/www.tarja.fr\/web\/wp-content\/uploads\/2013\/06\/act1-4-150x150.jpg 150w, http:\/\/www.tarja.fr\/web\/wp-content\/uploads\/2013\/06\/act1-4-300x300.jpg 300w, http:\/\/www.tarja.fr\/web\/wp-content\/uploads\/2013\/06\/act1-4-1024x1024.jpg 1024w, http:\/\/www.tarja.fr\/web\/wp-content\/uploads\/2013\/06\/act1-4-624x624.jpg 624w, http:\/\/www.tarja.fr\/web\/wp-content\/uploads\/2013\/06\/act1-4.jpg 1500w\" sizes=\"auto, (max-width: 150px) 100vw, 150px\" \/><\/a><\/strong><\/p>\n<p style=\"text-align: justify;\"><strong><span style=\"color: #ff99cc;\">Bonus tracks :<\/span><br \/>\n<\/strong>La version DVD offre un DVD bonus contenant des morceaux live suppl\u00e9mentaires (qu&rsquo;on retrouve dans la version CD pour la plupart), ainsi que des interviews de Tarja et des membres du groupe, le clip live \u00ab\u00a0Into The Sun\u00a0\u00bb et deux galeries de photos.<br \/>\nLa version \u00ab\u00a0Mediabook\u00a0\u00bb (3 DVD) est de loin LA version \u00e0 acqu\u00e9rir : elle contient le DVD du concert, le DVD bonus pr\u00e9sent\u00e9 ci-dessus, et un troisi\u00e8me DVD proposant un concert complet en plein air, au Luna Park de Buenos Aires, avec des morceaux rares en live.. Un must !<\/p>\n<p style=\"text-align: justify;\"><span style=\"color: #ff99cc;\"><strong>Description de l&rsquo;album : <\/strong><\/span><br \/>\nPremier live officiel commercialis\u00e9 par Tarja durant sa carri\u00e8re solo, \u00ab\u00a0Act 1\u00a0\u00bb est un petit bijou, tant il a \u00e9t\u00e9 pens\u00e9 pour les fans : en effet, Tarja a choisi d&rsquo;enregistrer son DVD sur deux dates cons\u00e9cutives, dans la m\u00eame salle, mais en jouant des morceaux diff\u00e9rents d&rsquo;un soir \u00e0 l&rsquo;autre. Ainsi, le DVD se retrouve extr\u00eamement bien rempli, en particulier avec le DVD bonus. La r\u00e9alisation est vraiment bien ficel\u00e9e, les lumi\u00e8res magnifiques, et la prestation de Tarja est d\u00e9finitivement rod\u00e9e en live. Les morceaux s&rsquo;encha\u00eenent avec fluidit\u00e9, un son parfait et le public se r\u00e9gale. A noter que la version mediabook offre un troisi\u00e8me DVD proposant un second concert, en live, qui, except\u00e9 sa production un peu plus \u00ab\u00a0roots\u00a0\u00bb, n&rsquo;a rien \u00e0 envier au concert principal : le public y est d\u00e9chain\u00e9 (on reconnait bien l\u00e0 le public d&rsquo;Am\u00e9rique du Sud !), Tarja semble vraiment prendre son pied durant le concert (peut \u00eatre m\u00eame plus que sur le concert principal), et la set-list ravira tout fan : \u00ab\u00a0Stargazers\u00a0\u00bb, \u00ab\u00a0Wishmaster\u00a0\u00bb&#8230; Mais \u00e9galement la reprise in\u00e9dite du morceau \u00ab\u00a0Signos\u00a0\u00bb, que Tarja chante en espagnol, aid\u00e9 du public. A voir et \u00e0 revoir !<\/p>\n<p style=\"text-align: justify;\"><strong><span style=\"color: #ff99cc;\">Acheter &lsquo;Act 1&Prime; :<\/span>\u00a0 <\/strong><a title=\"Cliquez ici !\" href=\"http:\/\/www.amazon.fr\/gp\/product\/B008BOWGPE\/ref=as_li_qf_sp_asin_il_tl?ie=UTF8&amp;camp=1642&amp;creative=6746&amp;creativeASIN=B008BOWGPE&amp;linkCode=as2&amp;tag=tarjafr-21\" target=\"_blank\">cliquez ici !<\/a><\/p>\n","protected":false},"excerpt":{"rendered":"<p>CD 1 : Anteroom Of Death My Little Phoenix Dark Star Naiad Falling Awake I Walk Alone Little Lies Into The Sun Nemo Never Enough Still Of The Night In For A Kill CD 2 : Boy And The Ghost Lost Northern Star Ciaran&rsquo;s Well Tired Of Being Alone Where Were You Last Night \/ [&hellip;]<\/p>\n","protected":false},"author":1,"featured_media":0,"parent":0,"menu_order":0,"comment_status":"closed","ping_status":"closed","template":"","meta":{"footnotes":""},"class_list":["post-192","page","type-page","status-publish","hentry"],"_links":{"self":[{"href":"http:\/\/www.tarja.fr\/web\/wp-json\/wp\/v2\/pages\/192","targetHints":{"allow":["GET"]}}],"collection":[{"href":"http:\/\/www.tarja.fr\/web\/wp-json\/wp\/v2\/pages"}],"about":[{"href":"http:\/\/www.tarja.fr\/web\/wp-json\/wp\/v2\/types\/page"}],"author":[{"embeddable":true,"href":"http:\/\/www.tarja.fr\/web\/wp-json\/wp\/v2\/users\/1"}],"replies":[{"embeddable":true,"href":"http:\/\/www.tarja.fr\/web\/wp-json\/wp\/v2\/comments?post=192"}],"version-history":[{"count":6,"href":"http:\/\/www.tarja.fr\/web\/wp-json\/wp\/v2\/pages\/192\/revisions"}],"predecessor-version":[{"id":197,"href":"http:\/\/www.tarja.fr\/web\/wp-json\/wp\/v2\/pages\/192\/revisions\/197"}],"wp:attachment":[{"href":"http:\/\/www.tarja.fr\/web\/wp-json\/wp\/v2\/media?parent=192"}],"curies":[{"name":"wp","href":"https:\/\/api.w.org\/{rel}","templated":true}]}}