{"id":2,"date":"2013-06-04T21:34:21","date_gmt":"2013-06-04T20:34:21","guid":{"rendered":"http:\/\/cluster015.ovh.net\/~tarja\/web\/?page_id=2"},"modified":"2016-08-07T23:34:05","modified_gmt":"2016-08-07T22:34:05","slug":"page-d-exemple","status":"publish","type":"page","link":"http:\/\/www.tarja.fr\/web\/page-d-exemple\/","title":{"rendered":"Biographie"},"content":{"rendered":"<p style=\"text-align: justify;\">N\u00e9e le 17 ao\u00fbt 1977, Tarja Turunen est une chanteuse finlandaise qui a toujours v\u00e9cu dans un monde li\u00e9 \u00e0 la musique. D\u00e8s la plus jeune enfance, elle se montre tr\u00e8s int\u00e9ress\u00e9e par la musique et le chant, et pratique alors r\u00e9guli\u00e8rement : chorale, le\u00e7on de chants et de piano&#8230; Elle \u00e9tudia \u00e9galement \u00e0 l&rsquo;\u00e9cole d&rsquo;Art et de Musique de Savonlinna.<\/p>\n<p><a href=\"http:\/\/www.tarja.fr\/web\/wp-content\/uploads\/2013\/06\/tarja-1.jpg\"><img loading=\"lazy\" decoding=\"async\" class=\"size-full wp-image-317 aligncenter\" src=\"http:\/\/www.tarja.fr\/web\/wp-content\/uploads\/2013\/06\/tarja-1.jpg\" alt=\"tarja-1\" width=\"630\" height=\"200\" srcset=\"http:\/\/www.tarja.fr\/web\/wp-content\/uploads\/2013\/06\/tarja-1.jpg 630w, http:\/\/www.tarja.fr\/web\/wp-content\/uploads\/2013\/06\/tarja-1-300x95.jpg 300w, http:\/\/www.tarja.fr\/web\/wp-content\/uploads\/2013\/06\/tarja-1-624x198.jpg 624w\" sizes=\"auto, (max-width: 630px) 100vw, 630px\" \/><\/a><\/p>\n<p style=\"text-align: justify;\">Ami d&rsquo;enfance avec Tuomas Holopainen, elle est invit\u00e9e par ce dernier \u00e0 rejoindre un petit projet musical, alors sans pr\u00e9tention, qui deviendra le groupe Nightwish. A l&rsquo;\u00e9poque, le m\u00e9lange \u00ab\u00a0metal\u00a0\u00bb et \u00ab\u00a0voix f\u00e9minine et classique\u00a0\u00bb est in\u00e9dit et va vite faire ses preuves. Le premier album du groupe, \u00ab\u00a0Angels Fall First\u00a0\u00bb sort en 1997 et Tarja se retrouve propuls\u00e9e sur le devant d&rsquo;une sc\u00e8ne metal qu&rsquo;elle connait encore peu. Le succ\u00e8s est imm\u00e9diat, et la \u00ab\u00a0folie Nightwish\u00a0\u00bb se d\u00e9veloppe chaque ann\u00e9e de plus belle. Les albums qui suivront (Oceanborn, Wishmaster, Century Child..) connaitront un succ\u00e8s croissant et feront de Nightwish une valeur s\u00fbre. Salu\u00e9s par la critique, ces diff\u00e9rents albums permettent \u00e0 Tarja de d\u00e9velopper son chant, son exp\u00e9rience, et de vivre ses premi\u00e8res tourn\u00e9es internationales. C&rsquo;est dans ces conditions qu&rsquo;elle rencontre, en 2000, Marcelo Cabuli, son futur mari. En 2004, Nightwish atteint son apog\u00e9e avec l&rsquo;album \u00ab\u00a0Once\u00a0\u00bb et l&rsquo;immense tourn\u00e9e mondiale qui suivit. Pourtant, c&rsquo;est en pleine apog\u00e9e que les dissensions entre Tarja et les membres de Nightwish vont \u00eatre les plus extr\u00eames, et Tarja sera alors remerci\u00e9e au terme de la tourn\u00e9e, quelques minutes apr\u00e8s l&rsquo;enregistrement du live \u00ab\u00a0End Of An Era\u00a0\u00bb.<\/p>\n<p><a href=\"http:\/\/www.tarja.fr\/web\/wp-content\/uploads\/2013\/06\/tarja-2.jpg\"><img loading=\"lazy\" decoding=\"async\" class=\"size-full wp-image-318 aligncenter\" src=\"http:\/\/www.tarja.fr\/web\/wp-content\/uploads\/2013\/06\/tarja-2.jpg\" alt=\"tarja-2\" width=\"630\" height=\"200\" srcset=\"http:\/\/www.tarja.fr\/web\/wp-content\/uploads\/2013\/06\/tarja-2.jpg 630w, http:\/\/www.tarja.fr\/web\/wp-content\/uploads\/2013\/06\/tarja-2-300x95.jpg 300w, http:\/\/www.tarja.fr\/web\/wp-content\/uploads\/2013\/06\/tarja-2-624x198.jpg 624w\" sizes=\"auto, (max-width: 630px) 100vw, 630px\" \/><\/a><\/p>\n<p style=\"text-align: justify;\">Apr\u00e8s quelques mois pour se ressourcer et envisager sereinement sa carri\u00e8re solo, Tarja annonce en 2007, apr\u00e8s de nombreuses participations \u00e0 diff\u00e9rents projets (dont un album de chant de No\u00ebl), la sortie de son premier v\u00e9ritable album solo (de metal), \u00ab\u00a0My Winter Storm\u00a0\u00bb. Le premier single, au titre lourd de sens \u00ab\u00a0I Walk Alone\u00a0\u00bb, est vite appr\u00e9ci\u00e9 par les fans de la chanteuse. L&rsquo;album connait un beau succ\u00e8s, et Tarja multiplie les concerts partout dans le Monde, chantant ses propres morceaux, mais \u00e9galement des reprises (autrefois jou\u00e9es avec Nightwish) voire quelques morceaux cultes de son ex-groupe.<\/p>\n<p><a href=\"http:\/\/www.tarja.fr\/web\/wp-content\/uploads\/2013\/06\/tarja-3.jpg\"><img loading=\"lazy\" decoding=\"async\" class=\"size-full wp-image-319 aligncenter\" src=\"http:\/\/www.tarja.fr\/web\/wp-content\/uploads\/2013\/06\/tarja-3.jpg\" alt=\"tarja-3\" width=\"630\" height=\"200\" srcset=\"http:\/\/www.tarja.fr\/web\/wp-content\/uploads\/2013\/06\/tarja-3.jpg 630w, http:\/\/www.tarja.fr\/web\/wp-content\/uploads\/2013\/06\/tarja-3-300x95.jpg 300w, http:\/\/www.tarja.fr\/web\/wp-content\/uploads\/2013\/06\/tarja-3-624x198.jpg 624w\" sizes=\"auto, (max-width: 630px) 100vw, 630px\" \/><\/a><\/p>\n<p style=\"text-align: justify;\">En 2009, Tarja annonce la sortie de son deuxi\u00e8me album solo, \u00ab\u00a0What Lies Beneath\u00a0\u00bb. R\u00e9solument plus metal que \u00ab\u00a0My Winter Storm\u00a0\u00bb, cet album sera salu\u00e9 par la critique et les singles feront mouches : \u00ab\u00a0Until My Last Breath\u00a0\u00bb devient vite un classique de son r\u00e9pertoire. Tarja montre \u00e9galement une plus grande implication dans l&rsquo;envie de faire plaisir \u00e0 ses fans, multiplie les apparitions, modifie les set-lists de ses concerts en cons\u00e9quence, propose plusieurs clips&#8230; La promotion de l&rsquo;album s&rsquo;ach\u00e8ve avec l&rsquo;enregistrement de son premier live, \u00ab\u00a0Act 1.\u00a0\u00bb, offert dans un coffret (allant jusqu&rsquo;\u00e0 3 DVD pour l&rsquo;\u00e9dition limit\u00e9e) lourd en bonus.<\/p>\n<p><a href=\"http:\/\/www.tarja.fr\/web\/wp-content\/uploads\/2013\/06\/tarja-4.jpg\"><img loading=\"lazy\" decoding=\"async\" class=\"size-full wp-image-320 alignnone\" src=\"http:\/\/www.tarja.fr\/web\/wp-content\/uploads\/2013\/06\/tarja-4.jpg\" alt=\"tarja-4\" width=\"630\" height=\"200\" srcset=\"http:\/\/www.tarja.fr\/web\/wp-content\/uploads\/2013\/06\/tarja-4.jpg 630w, http:\/\/www.tarja.fr\/web\/wp-content\/uploads\/2013\/06\/tarja-4-300x95.jpg 300w, http:\/\/www.tarja.fr\/web\/wp-content\/uploads\/2013\/06\/tarja-4-624x198.jpg 624w\" sizes=\"auto, (max-width: 630px) 100vw, 630px\" \/><\/a><\/p>\n<p style=\"text-align: justify;\">D\u00e9but 2013, les premi\u00e8res informations sur \u00ab\u00a0Colours In The Dark\u00a0\u00bb, son troisi\u00e8me album, commencent \u00e0 apparaitre. Tarja n&rsquo;a pas peur de prendre les gens \u00e0 contre-pied en affichant une pochette tr\u00e8s color\u00e9e, marquant une rupture avec l&rsquo;habitude \u00ab\u00a0metal\u00a0\u00bb. Le premier teaser de l&rsquo;album, \u00ab\u00a0Never Enough\u00a0\u00bb est d\u00e9voil\u00e9 fin Mai 2013 avec une lyric video, puis deux singles suivront : \u00ab\u00a0Victim Of Ritual\u00a0\u00bb et \u00ab\u00a0500 Letters\u00a0\u00bb. L&rsquo;album est un succ\u00e8s, et contient des chansons tr\u00e8s personnelles et compos\u00e9es par Tarja. Une tr\u00e8s longue tourn\u00e9e, passant en France, permet de faire la bonne promotion de cet album.<\/p>\n<p style=\"text-align: justify;\"><a href=\"http:\/\/www.tarja.fr\/web\/wp-content\/uploads\/2013\/06\/tarja-5.jpg\"><img loading=\"lazy\" decoding=\"async\" class=\"size-full wp-image-321 aligncenter\" src=\"http:\/\/www.tarja.fr\/web\/wp-content\/uploads\/2013\/06\/tarja-5.jpg\" alt=\"tarja-5\" width=\"630\" height=\"200\" srcset=\"http:\/\/www.tarja.fr\/web\/wp-content\/uploads\/2013\/06\/tarja-5.jpg 630w, http:\/\/www.tarja.fr\/web\/wp-content\/uploads\/2013\/06\/tarja-5-300x95.jpg 300w, http:\/\/www.tarja.fr\/web\/wp-content\/uploads\/2013\/06\/tarja-5-624x198.jpg 624w\" sizes=\"auto, (max-width: 630px) 100vw, 630px\" \/><\/a>Tarja continue en parall\u00e8le \u00e0 sa carri\u00e8re solo de d\u00e9velopper d&rsquo;autres projets, et son actualit\u00e9 reste tr\u00e8s charg\u00e9e dans les ann\u00e9es qui suivent \u00ab\u00a0Colours In The Dark\u00a0\u00bb : Tarja sort plusieurs albums et DVD live, que ce soit des concerts classiques (avec le groupe Harus), des concerts en partenariat avec le batteur Mike Terrana (s\u00e9rie de concerts \u00ab\u00a0Beauty And The Beat\u00a0\u00bb), ou des concerts de metal plus traditionnels (Luna Park Ride). A c\u00f4t\u00e9 de cette actualit\u00e9 tr\u00e8s charg\u00e9e en concerts, Tarja travaille sur son premier album solo classique, et sort finalement en 2015 un album \u00ab\u00a0Ave Maria\u00a0\u00bb tr\u00e8s diff\u00e9rent de ce qu&rsquo;elle a pu faire jusqu&rsquo;ici. En parall\u00e8le (encore !) \u00e0 toutes ces activit\u00e9s, Tarja devient jur\u00e9 de l&rsquo;\u00e9dition finlandaise de The Voice qui re\u00e7oit un tr\u00e8s beau succ\u00e8s.<\/p>\n<p style=\"text-align: justify;\"><img loading=\"lazy\" decoding=\"async\" class=\"alignnone size-full wp-image-577\" src=\"http:\/\/www.tarja.fr\/web\/wp-content\/uploads\/2016\/04\/tarja-bio2015.jpg\" alt=\"tarja-bio2015\" width=\"630\" height=\"200\" srcset=\"http:\/\/www.tarja.fr\/web\/wp-content\/uploads\/2016\/04\/tarja-bio2015.jpg 630w, http:\/\/www.tarja.fr\/web\/wp-content\/uploads\/2016\/04\/tarja-bio2015-300x95.jpg 300w, http:\/\/www.tarja.fr\/web\/wp-content\/uploads\/2016\/04\/tarja-bio2015-624x198.jpg 624w\" sizes=\"auto, (max-width: 630px) 100vw, 630px\" \/><\/p>\n<p style=\"text-align: justify;\">Fin 2015, Tarja d\u00e9bute s\u00e9rieusement l&rsquo;enregistrement de son quatri\u00e8me album solo metal. \u00ab\u00a0The Shadow Self\u00a0\u00bb est finalement annonc\u00e9 au printemps 2016 pour une sortie \u00e0 l&rsquo;\u00e9t\u00e9 2016. Il contient des morceaux parmi les plus heavy de sa carri\u00e8re, mais est aussi son album le plus diversifi\u00e9. Tarja ayant enregistr\u00e9 beaucoup de chansons pour cet album, il est\u00a0pr\u00e9c\u00e9d\u00e9 d&rsquo;un EP pr\u00e9quel, \u00ab\u00a0The Brightest Void\u00a0\u00bb, sorti en Juin 2016 et qui contient des pistes suppl\u00e9mentaires \u00e0 l&rsquo;album, ainsi que des reprises de diff\u00e9rents artistes. La sortie de l&rsquo;album est\u00a0accompagn\u00e9e d&rsquo;une longue tourn\u00e9e mondiale.<\/p>\n<p style=\"text-align: justify;\"><img loading=\"lazy\" decoding=\"async\" class=\"alignnone size-full wp-image-576\" src=\"http:\/\/www.tarja.fr\/web\/wp-content\/uploads\/2016\/04\/tarja-bio2016.jpg\" alt=\"tarja-bio2016\" width=\"630\" height=\"200\" srcset=\"http:\/\/www.tarja.fr\/web\/wp-content\/uploads\/2016\/04\/tarja-bio2016.jpg 630w, http:\/\/www.tarja.fr\/web\/wp-content\/uploads\/2016\/04\/tarja-bio2016-300x95.jpg 300w, http:\/\/www.tarja.fr\/web\/wp-content\/uploads\/2016\/04\/tarja-bio2016-624x198.jpg 624w\" sizes=\"auto, (max-width: 630px) 100vw, 630px\" \/><\/p>\n","protected":false},"excerpt":{"rendered":"<p>N\u00e9e le 17 ao\u00fbt 1977, Tarja Turunen est une chanteuse finlandaise qui a toujours v\u00e9cu dans un monde li\u00e9 \u00e0 la musique. D\u00e8s la plus jeune enfance, elle se montre tr\u00e8s int\u00e9ress\u00e9e par la musique et le chant, et pratique alors r\u00e9guli\u00e8rement : chorale, le\u00e7on de chants et de piano&#8230; Elle \u00e9tudia \u00e9galement \u00e0 l&rsquo;\u00e9cole [&hellip;]<\/p>\n","protected":false},"author":1,"featured_media":0,"parent":0,"menu_order":0,"comment_status":"closed","ping_status":"closed","template":"","meta":{"footnotes":""},"class_list":["post-2","page","type-page","status-publish","hentry"],"_links":{"self":[{"href":"http:\/\/www.tarja.fr\/web\/wp-json\/wp\/v2\/pages\/2","targetHints":{"allow":["GET"]}}],"collection":[{"href":"http:\/\/www.tarja.fr\/web\/wp-json\/wp\/v2\/pages"}],"about":[{"href":"http:\/\/www.tarja.fr\/web\/wp-json\/wp\/v2\/types\/page"}],"author":[{"embeddable":true,"href":"http:\/\/www.tarja.fr\/web\/wp-json\/wp\/v2\/users\/1"}],"replies":[{"embeddable":true,"href":"http:\/\/www.tarja.fr\/web\/wp-json\/wp\/v2\/comments?post=2"}],"version-history":[{"count":14,"href":"http:\/\/www.tarja.fr\/web\/wp-json\/wp\/v2\/pages\/2\/revisions"}],"predecessor-version":[{"id":647,"href":"http:\/\/www.tarja.fr\/web\/wp-json\/wp\/v2\/pages\/2\/revisions\/647"}],"wp:attachment":[{"href":"http:\/\/www.tarja.fr\/web\/wp-json\/wp\/v2\/media?parent=2"}],"curies":[{"name":"wp","href":"https:\/\/api.w.org\/{rel}","templated":true}]}}