{"id":517,"date":"2016-04-22T13:26:31","date_gmt":"2016-04-22T12:26:31","guid":{"rendered":"http:\/\/www.tarja.fr\/web\/?page_id=517"},"modified":"2016-08-07T23:05:02","modified_gmt":"2016-08-07T22:05:02","slug":"2016-the-shadow-self","status":"publish","type":"page","link":"http:\/\/www.tarja.fr\/web\/2016-the-shadow-self\/","title":{"rendered":"2016 : The Shadow Self"},"content":{"rendered":"<h6><img loading=\"lazy\" decoding=\"async\" class=\"aligncenter size-full wp-image-79\" src=\"http:\/\/www.tarja.fr\/web\/wp-content\/uploads\/2016\/04\/TheShadowSelf-300.jpg\" alt=\"The Shadow Self\" width=\"300\" height=\"300\" \/><\/h6>\n<h6 style=\"text-align: center;\"><strong>01. Innocence<br \/>\n02. Demons In You<br \/>\n03. No Bitter End<br \/>\n04. Love To Hate<br \/>\n05. Supremacy<br \/>\n06. The Living End<br \/>\n07. Diva<br \/>\n08. Eagle Eye<br \/>\n09. Undertaker<br \/>\n10. Calling From The Wild<br \/>\n11. Too Many<\/strong><\/h6>\n<h6 style=\"text-align: left;\"><strong><span style=\"color: #ff99cc;\"><span style=\"font-size: 1rem; line-height: 1.714285714;\">Date de sortie : <\/span><\/span><\/strong><span style=\"line-height: 1.714285714; font-size: 1rem;\">05 Ao\u00fbt 2016<\/span><\/h6>\n<p><strong><span style=\"color: #ff99cc;\">Dur\u00e9e : <\/span><span style=\"color: #000000;\">67 minutes<\/span><\/strong><br \/>\n<span style=\"color: #ff99cc;\"><strong>Label : <\/strong><\/span>EarMusic<\/p>\n<p><span style=\"color: #ff99cc;\"><strong>Pochettes alternatives : <\/strong><\/span><br \/>\n<img loading=\"lazy\" decoding=\"async\" class=\"alignnone size-thumbnail wp-image-626\" src=\"http:\/\/www.tarja.fr\/web\/wp-content\/uploads\/2016\/04\/tarja-theshadowself-covercd-150x150.jpg\" alt=\"tarja-theshadowself-covercd\" width=\"150\" height=\"150\" \/><\/p>\n<p><strong><span style=\"color: #ff99cc;\">Singles :<\/span><br \/>\n<\/strong>1. \u00ab\u00a0No Bitter End\u00a0\u00bb<br \/>\n2. \u00ab\u00a0Innocence\u00a0\u00bb<\/p>\n<p><span style=\"color: #ff99cc;\"><strong>Bonus tracks : <\/strong><\/span><br \/>\n\u00e0 venir<\/p>\n<p><strong><span style=\"color: #ff99cc;\">Remarques :<\/span><br \/>\n<\/strong>Suite du pr\u00e9quel \u00ab\u00a0The Brightest Void\u00a0\u00bb, \u00ab\u00a0The Shadow Self\u00a0\u00bb contient une reprise (Supremacy, de Muse), deux duos (avec Alissa White-Gluz sur \u00ab\u00a0Demons In You\u00a0\u00bb et avec son fr\u00e8re Tony sur \u00ab\u00a0Eagle Eye\u00a0\u00bb), ainsi qu&rsquo;un extrait de Chopin sur \u00ab\u00a0Innocence\u00a0\u00bb. La tradition des albums de Tarja qui consiste \u00e0\u00a0ouvrir l&rsquo;album avec un morceau contenant une pi\u00e8ce de musique classique est donc respect\u00e9e !<\/p>\n<p style=\"text-align: justify;\"><span style=\"color: #ff99cc;\"><strong>Description de l&rsquo;album : <\/strong><\/span><br \/>\nTarja a toujours dit qu&rsquo;elle n&rsquo;aimait pas proposer plusieurs fois le m\u00eame genre d&rsquo;album, et cette d\u00e9claration se v\u00e9rifie une nouvelle fois avec \u00ab\u00a0The Shadow Self\u00a0\u00bb. L\u00e0 o\u00f9 l&rsquo;album pr\u00e9c\u00e9dent (\u00ab\u00a0Colours In The Dark\u00a0\u00bb) contenait beaucoup de longs morceaux, tr\u00e8s m\u00e9lodiques, demandant\u00a0quelques \u00e9coutes pour en d\u00e9couvrir toutes les subtilit\u00e9s, ce nouvel album propose davantage de morceaux courts et directs, plus rapidement accrocheurs. Et surtout, c&rsquo;est probablement l&rsquo;album offrant le plus de diversit\u00e9s : chaque morceau a un univers diff\u00e9rent. L\u00e0 o\u00f9 \u00ab\u00a0Innocence\u00a0\u00bb va proposer un solo de piano et des envol\u00e9es lyriques et orchestrales, \u00ab\u00a0Demons In You\u00a0\u00bb, le morceau qui suit, va offrir \u00e0 la fois une intro jazzy et une voix death (celle d&rsquo;Alissa, la chanteuse d&rsquo;Arch Enemy). Et c&rsquo;est ainsi que fonctionne l&rsquo;album, qui s&rsquo;amuse \u00e0 nous faire passer d&rsquo;une ambiance \u00e0 l&rsquo;autre. Parfois des morceaux heavy classiques (\u00ab\u00a0No Bitter End\u00a0\u00bb), parfois des ballades dans un registre plus pop (\u00ab\u00a0The Living\u00a0End\u00a0\u00bb), et parfois des morceaux \u00e0 la structure plus alambiqu\u00e9e comme on a connu par le pass\u00e9 (\u00ab\u00a0Calling From The Wild\u00a0\u00bb, \u00ab\u00a0Undertaker\u00a0\u00bb). L&rsquo;album contient son lot de petites merveilles musicales, comme l&rsquo;excellent \u00ab\u00a0Innocence\u00a0\u00bb, mais aussi \u00ab\u00a0Diva\u00a0\u00bb, dont les paroles font r\u00e9f\u00e9rence \u00e0 un pass\u00e9 lointain de Tarja&#8230; La reprise de Muse, \u00ab\u00a0Supremacy\u00a0\u00bb, est r\u00e9ussie, bien que le mixage d\u00e9\u00e7oive un peu lors du \u00ab\u00a0cri\u00a0\u00bb final de Tarja, bien trop sous-mix\u00e9 (les versions live rattrapent le coup). A noter aussi que les morceaux \u00ab\u00a0No Bitter End\u00a0\u00bb et \u00ab\u00a0Eagle Eye\u00a0\u00bb, qui \u00e9taient d\u00e9j\u00e0 disponibles dans le pr\u00e9quel \u00ab\u00a0The Brightest Void\u00a0\u00bb, sont ici propos\u00e9s dans des versions quelques peu modifi\u00e9es, et assez dispensables il faut le dire. On pr\u00e9f\u00e9rera les versions du pr\u00e9quel. Enfin, l&rsquo;album se termine sur le long morceau \u00ab\u00a0Too Many\u00a0\u00bb, o\u00f9 Tarja r\u00e9p\u00e8te inlassablement un refrain berc\u00e9 par une somptueuse m\u00e9lodie, et offrant de belles variations musicales, jusqu&rsquo;\u00e0 finir le morceau a-capella. Une merveille. Et lorsque l&rsquo;on croit que l&rsquo;album est termin\u00e9, c&rsquo;est une piste cach\u00e9e de deux minutes qui d\u00e9marre et qui va surprendre tout le monde : un petit d\u00e9lire de Tarja, dans lequel metal tr\u00e8s heavy et electro-danse se m\u00e9langent, accompagn\u00e9 de Tarja r\u00e9p\u00e9tant \u00ab\u00a0This is the hit song!\u00a0\u00bb. Une fa\u00e7on dr\u00f4le et sympa de finir cet album d\u00e9finitivement tr\u00e8s, tr\u00e8s vari\u00e9 !<\/p>\n","protected":false},"excerpt":{"rendered":"<p>01. Innocence 02. Demons In You 03. No Bitter End 04. Love To Hate 05. Supremacy 06. The Living End 07. Diva 08. Eagle Eye 09. Undertaker 10. Calling From The Wild 11. Too Many Date de sortie : 05 Ao\u00fbt 2016 Dur\u00e9e : 67 minutes Label : EarMusic Pochettes alternatives : Singles : 1. [&hellip;]<\/p>\n","protected":false},"author":1,"featured_media":0,"parent":0,"menu_order":0,"comment_status":"closed","ping_status":"closed","template":"","meta":{"footnotes":""},"class_list":["post-517","page","type-page","status-publish","hentry"],"_links":{"self":[{"href":"http:\/\/www.tarja.fr\/web\/wp-json\/wp\/v2\/pages\/517","targetHints":{"allow":["GET"]}}],"collection":[{"href":"http:\/\/www.tarja.fr\/web\/wp-json\/wp\/v2\/pages"}],"about":[{"href":"http:\/\/www.tarja.fr\/web\/wp-json\/wp\/v2\/types\/page"}],"author":[{"embeddable":true,"href":"http:\/\/www.tarja.fr\/web\/wp-json\/wp\/v2\/users\/1"}],"replies":[{"embeddable":true,"href":"http:\/\/www.tarja.fr\/web\/wp-json\/wp\/v2\/comments?post=517"}],"version-history":[{"count":6,"href":"http:\/\/www.tarja.fr\/web\/wp-json\/wp\/v2\/pages\/517\/revisions"}],"predecessor-version":[{"id":630,"href":"http:\/\/www.tarja.fr\/web\/wp-json\/wp\/v2\/pages\/517\/revisions\/630"}],"wp:attachment":[{"href":"http:\/\/www.tarja.fr\/web\/wp-json\/wp\/v2\/media?parent=517"}],"curies":[{"name":"wp","href":"https:\/\/api.w.org\/{rel}","templated":true}]}}