{"id":532,"date":"2016-04-22T14:10:57","date_gmt":"2016-04-22T13:10:57","guid":{"rendered":"http:\/\/www.tarja.fr\/web\/?page_id=532"},"modified":"2016-04-22T14:11:14","modified_gmt":"2016-04-22T13:11:14","slug":"2015-luna-park-ride","status":"publish","type":"page","link":"http:\/\/www.tarja.fr\/web\/2015-luna-park-ride\/","title":{"rendered":"2015 : Luna Park Ride"},"content":{"rendered":"<p><img loading=\"lazy\" decoding=\"async\" class=\"size-full wp-image-193 aligncenter\" src=\"http:\/\/www.tarja.fr\/web\/wp-content\/uploads\/2016\/04\/lunaCD-300.jpg\" alt=\"Luna\" width=\"300\" height=\"300\" \/><\/p>\n<h6 style=\"text-align: center;\">CD\/DVD 1 :<br \/>\nDark Star<br \/>\nMy Little Phoenix<br \/>\nThe Crying Moon<br \/>\nI Walk Alone<br \/>\nFalling Awake<br \/>\nSignos<br \/>\nLittle Lies<br \/>\nUnderneath<br \/>\nStargazers<br \/>\nCiaran&rsquo;s Well<br \/>\nIn For A Kill<br \/>\nWhere Were You Last Night \/ Heaven Is A Place on Earth \/ Livin&rsquo; on a Prayer (Medley)<br \/>\nDie Alive<br \/>\nUntil My Last Breath<br \/>\nWishmaster<\/h6>\n<h6 style=\"text-align: center;\">CD\/DVD 2 :<br \/>\nIn For A Kill (Masters Of Rock 2010)<br \/>\nI Walk Alone (Masters Of Rock 2010)<br \/>\nArchive of Lost Dreams (Masters Of Rock 2010)<br \/>\nCrimson Deep (Masters Of Rock 2010)<br \/>\nI Feel Immortal (Summerbreeze 2011)<br \/>\nThe Siren (Nightwish cover) (Summerbreeze 2011)<br \/>\nUntil My Last Breath (Summerbreeze 2011)<br \/>\n500 Letters (Russia 2014)<br \/>\nDamned &amp; Divine (Russia 2014)<br \/>\nNeverlight (Russia 2014)<br \/>\nAnteroom of Death (Feat. Van Canto) (Wacken 2014)<br \/>\nNever Enough (Summerbreeze 2014)<br \/>\nDie Alive (Summerbreeze 2014)<br \/>\nVictim Of Ritual (Summerbreeze 2014)<\/h6>\n<p><strong><span style=\"color: #ff99cc;\">Date de sortie :<\/span> <\/strong>29 Mai 2015<br \/>\n<span style=\"color: #ff99cc;\"><strong>Label : <\/strong><\/span>Earmusic \/ Universal Music<\/p>\n<p><strong><span style=\"color: #ff99cc;\">Pochettes alternatives :<\/span><br \/>\n<a href=\"http:\/\/www.tarja.fr\/web\/wp-content\/uploads\/2015\/04\/lunaLP.jpg\"><img loading=\"lazy\" decoding=\"async\" class=\"alignnone size-thumbnail wp-image-478\" src=\"http:\/\/www.tarja.fr\/web\/wp-content\/uploads\/2015\/04\/lunaLP-150x150.jpg\" alt=\"lunaLP\" width=\"150\" height=\"150\" srcset=\"http:\/\/www.tarja.fr\/web\/wp-content\/uploads\/2015\/04\/lunaLP-150x150.jpg 150w, http:\/\/www.tarja.fr\/web\/wp-content\/uploads\/2015\/04\/lunaLP-300x300.jpg 300w, http:\/\/www.tarja.fr\/web\/wp-content\/uploads\/2015\/04\/lunaLP.jpg 600w\" sizes=\"auto, (max-width: 150px) 100vw, 150px\" \/><\/a>\u00a0<a href=\"http:\/\/www.tarja.fr\/web\/wp-content\/uploads\/2015\/04\/lunaBR.jpg\"><img loading=\"lazy\" decoding=\"async\" class=\"alignnone size-thumbnail wp-image-479\" src=\"http:\/\/www.tarja.fr\/web\/wp-content\/uploads\/2015\/04\/lunaBR-150x150.jpg\" alt=\"lunaBR\" width=\"150\" height=\"150\" \/><\/a><br \/>\n<\/strong><\/p>\n<p style=\"text-align: justify;\"><span style=\"color: #ff99cc;\"><strong>Description de l&rsquo;album : <\/strong><\/span><br \/>\nUne sortie un peu \u00e9tonnante car il s&rsquo;agit principalement d&rsquo;un live d\u00e9j\u00e0 disponible en bonus dans le dvd live &lsquo;Act 1&rsquo;. Mais ce live \u00ab\u00a0bonus\u00a0\u00bb a \u00e0 l&rsquo;\u00e9poque eu tellement de succ\u00e8s que Tarja a d\u00e9cid\u00e9 d&rsquo;en faire un DVD avec une r\u00e9alisation un peu corrig\u00e9e. Le 2e DVD contient des bonus tracks, \u00e0 savoir des lives tir\u00e9s de plusieurs concerts diff\u00e9rents. L&rsquo;occasion aussi de red\u00e9couvrir des morceaux de Nightwish !<\/p>\n<p style=\"text-align: justify;\"><strong><span style=\"color: #ff99cc;\">Acheter \u00ab\u00a0Luna Park Ride\u00a0\u00bb :<\/span>\u00a0 <\/strong><a title=\"Cliquez ici !\" href=\"http:\/\/www.amazon.fr\/gp\/product\/B008BOWGPE\/ref=as_li_qf_sp_asin_il_tl?ie=UTF8&amp;camp=1642&amp;creative=6746&amp;creativeASIN=B008BOWGPE&amp;linkCode=as2&amp;tag=tarjafr-21\" target=\"_blank\">cliquez ici !<\/a><\/p>\n","protected":false},"excerpt":{"rendered":"<p>CD\/DVD 1 : Dark Star My Little Phoenix The Crying Moon I Walk Alone Falling Awake Signos Little Lies Underneath Stargazers Ciaran&rsquo;s Well In For A Kill Where Were You Last Night \/ Heaven Is A Place on Earth \/ Livin&rsquo; on a Prayer (Medley) Die Alive Until My Last Breath Wishmaster CD\/DVD 2 : [&hellip;]<\/p>\n","protected":false},"author":1,"featured_media":0,"parent":0,"menu_order":0,"comment_status":"closed","ping_status":"closed","template":"","meta":{"footnotes":""},"class_list":["post-532","page","type-page","status-publish","hentry"],"_links":{"self":[{"href":"http:\/\/www.tarja.fr\/web\/wp-json\/wp\/v2\/pages\/532","targetHints":{"allow":["GET"]}}],"collection":[{"href":"http:\/\/www.tarja.fr\/web\/wp-json\/wp\/v2\/pages"}],"about":[{"href":"http:\/\/www.tarja.fr\/web\/wp-json\/wp\/v2\/types\/page"}],"author":[{"embeddable":true,"href":"http:\/\/www.tarja.fr\/web\/wp-json\/wp\/v2\/users\/1"}],"replies":[{"embeddable":true,"href":"http:\/\/www.tarja.fr\/web\/wp-json\/wp\/v2\/comments?post=532"}],"version-history":[{"count":2,"href":"http:\/\/www.tarja.fr\/web\/wp-json\/wp\/v2\/pages\/532\/revisions"}],"predecessor-version":[{"id":535,"href":"http:\/\/www.tarja.fr\/web\/wp-json\/wp\/v2\/pages\/532\/revisions\/535"}],"wp:attachment":[{"href":"http:\/\/www.tarja.fr\/web\/wp-json\/wp\/v2\/media?parent=532"}],"curies":[{"name":"wp","href":"https:\/\/api.w.org\/{rel}","templated":true}]}}