{"id":536,"date":"2016-04-22T14:19:46","date_gmt":"2016-04-22T13:19:46","guid":{"rendered":"http:\/\/www.tarja.fr\/web\/?page_id=536"},"modified":"2016-04-22T14:19:46","modified_gmt":"2016-04-22T13:19:46","slug":"2011-harus","status":"publish","type":"page","link":"http:\/\/www.tarja.fr\/web\/2011-harus\/","title":{"rendered":"2011 : In Concert with Harus"},"content":{"rendered":"<p><img loading=\"lazy\" decoding=\"async\" class=\"size-full wp-image-193 aligncenter\" src=\"http:\/\/www.tarja.fr\/web\/wp-content\/uploads\/2016\/04\/Harus-300.jpg\" alt=\"Harus\" width=\"300\" height=\"300\" \/><\/p>\n<h6 style=\"text-align: center;\">Tracklisting :<br \/>\n01. Arkihuolesi Kaikki Heit\u00e4<br \/>\n02. Ave Maria Op. 80<br \/>\n03. Ave Maria<br \/>\n04. Maa On Niin Kaunis<br \/>\n05. Varpunen Jouluaamuna<br \/>\n06. Heinill\u00e4 H\u00e4rkien<br \/>\n07. Jouluy\u00f6, Juhlay\u00f6 (Silent Night)<br \/>\n08. Astral Bells<br \/>\n09. You Would Have Loved This<br \/>\n10. Walking In The Air<br \/>\n12. Improvisation Variations Sur Un No\u00ebl<\/h6>\n<p><strong><span style=\"color: #ff99cc;\">Date de sortie :<\/span> <\/strong>17 Novembre 2011<br \/>\n<span style=\"color: #ff99cc;\"><strong>Label : <\/strong><\/span>Earmusic<\/p>\n<p style=\"text-align: justify;\"><span style=\"color: #ff99cc;\"><strong>Description de l&rsquo;album : <\/strong><\/span><br \/>\nCet album live est une collaboration entre Tarja et les musiciens Kalevi Kiviniemi, Marzi Nyman et Markku Khron. Le concert a \u00e9t\u00e9 enregistr\u00e9 au Sibelius Hall, en Finlande. Les diff\u00e9rents\u00a0musiciens d\u00e9cid\u00e8rent de formaliser leur groupe en le nommant \u00ab\u00a0Harus\u00a0\u00bb.<\/p>\n<p style=\"text-align: justify;\"><strong><span style=\"color: #ff99cc;\">Acheter \u00ab\u00a0In Concert\u00a0\u00bb :<\/span>\u00a0 <\/strong><a title=\"Cliquez ici !\" href=\"http:\/\/www.amazon.fr\/gp\/product\/B005TC8VNM\/ref=as_li_tl?ie=UTF8&amp;camp=1642&amp;creative=19458&amp;creativeASIN=B005TC8VNM&amp;linkCode=as2&amp;tag=tarjafr-21\" target=\"_blank\">cliquez ici !<\/a><\/p>\n","protected":false},"excerpt":{"rendered":"<p>Tracklisting : 01. Arkihuolesi Kaikki Heit\u00e4 02. Ave Maria Op. 80 03. Ave Maria 04. Maa On Niin Kaunis 05. Varpunen Jouluaamuna 06. Heinill\u00e4 H\u00e4rkien 07. Jouluy\u00f6, Juhlay\u00f6 (Silent Night) 08. Astral Bells 09. You Would Have Loved This 10. Walking In The Air 12. Improvisation Variations Sur Un No\u00ebl Date de sortie : 17 [&hellip;]<\/p>\n","protected":false},"author":1,"featured_media":0,"parent":0,"menu_order":0,"comment_status":"closed","ping_status":"closed","template":"","meta":{"footnotes":""},"class_list":["post-536","page","type-page","status-publish","hentry"],"_links":{"self":[{"href":"http:\/\/www.tarja.fr\/web\/wp-json\/wp\/v2\/pages\/536","targetHints":{"allow":["GET"]}}],"collection":[{"href":"http:\/\/www.tarja.fr\/web\/wp-json\/wp\/v2\/pages"}],"about":[{"href":"http:\/\/www.tarja.fr\/web\/wp-json\/wp\/v2\/types\/page"}],"author":[{"embeddable":true,"href":"http:\/\/www.tarja.fr\/web\/wp-json\/wp\/v2\/users\/1"}],"replies":[{"embeddable":true,"href":"http:\/\/www.tarja.fr\/web\/wp-json\/wp\/v2\/comments?post=536"}],"version-history":[{"count":1,"href":"http:\/\/www.tarja.fr\/web\/wp-json\/wp\/v2\/pages\/536\/revisions"}],"predecessor-version":[{"id":538,"href":"http:\/\/www.tarja.fr\/web\/wp-json\/wp\/v2\/pages\/536\/revisions\/538"}],"wp:attachment":[{"href":"http:\/\/www.tarja.fr\/web\/wp-json\/wp\/v2\/media?parent=536"}],"curies":[{"name":"wp","href":"https:\/\/api.w.org\/{rel}","templated":true}]}}