{"id":539,"date":"2016-04-22T14:29:06","date_gmt":"2016-04-22T13:29:06","guid":{"rendered":"http:\/\/www.tarja.fr\/web\/?page_id=539"},"modified":"2016-04-22T14:29:06","modified_gmt":"2016-04-22T13:29:06","slug":"2014-beauty-and-the-beat","status":"publish","type":"page","link":"http:\/\/www.tarja.fr\/web\/2014-beauty-and-the-beat\/","title":{"rendered":"2014 : Beauty And The Beat"},"content":{"rendered":"<p><img loading=\"lazy\" decoding=\"async\" class=\"size-full wp-image-193 aligncenter\" src=\"http:\/\/www.tarja.fr\/web\/wp-content\/uploads\/2016\/04\/BeautyAndTheBeat-300.jpg\" alt=\"BB\" width=\"300\" height=\"300\" \/><\/p>\n<h6 style=\"text-align: center;\">CD 1 :<br \/>\nConcert For Violin &amp; Oboe (Mike)<br \/>\nBlute Nur (Tarja)<br \/>\nZuneignung &#8211; Op. 10, No. 1 (Tarja)<br \/>\nBarber of Seville (Mike)<br \/>\nNew World Symphony (Mike)<br \/>\nSong To The Moon (Tarja)<br \/>\nVilja Lied (Tarja)<br \/>\nO Mio Babbino Caro (Tarja)<br \/>\nCan-can (Mike)<br \/>\nI Feel Pretty (Tarja)<br \/>\nWilliam Tell Overture (Mike)<br \/>\nMein Herr Marquis (Tarja)<br \/>\nEine Kleine Nachtmusik (Mike)<\/h6>\n<h6 style=\"text-align: center;\">CD 2 :<br \/>\nYou Take My Breath Away (Tarja)<br \/>\nThe Reign (Tarja &amp; Mike)<br \/>\nWitch-hunt (Tarja &amp; Mike)<br \/>\nLed Zeppelin Medley (Tarja &amp; Mike)<br \/>\nSwanheart (Tarja &amp; Mike)<br \/>\nFly Me To The Moon (Tarja &amp; Mike)<br \/>\nInto The Sun (Tarja &amp; Mike)<br \/>\nI Walk Alone (Tarja &amp; Mike)<\/h6>\n<p><strong><span style=\"color: #ff99cc;\">Date de sortie :<\/span> <\/strong>30 Mai 2014<br \/>\n<span style=\"color: #ff99cc;\"><strong>Label : <\/strong><\/span>Earmusic<\/p>\n<p><strong><span style=\"color: #ff99cc;\">Pochette alternative :<\/span><br \/>\n<a href=\"http:\/\/www.tarja.fr\/web\/wp-content\/uploads\/2016\/04\/Beautyandthebeat-alternative.jpg\"><img loading=\"lazy\" decoding=\"async\" class=\"alignnone size-thumbnail wp-image-541\" src=\"http:\/\/www.tarja.fr\/web\/wp-content\/uploads\/2016\/04\/Beautyandthebeat-alternative-150x150.jpg\" alt=\"Beautyandthebeat-alternative\" width=\"150\" height=\"150\" \/><\/a><br \/>\n<\/strong><\/p>\n<p style=\"text-align: justify;\"><span style=\"color: #ff99cc;\"><strong>Description de l&rsquo;album : <\/strong><\/span><br \/>\nUne sortie live encore originale : il s&rsquo;agit cette fois d&rsquo;un concert m\u00ealant morceaux\u00a0tr\u00e8s connus de musique classique, des reprises de morceaux rock (Queen, Led Zeppelin), de Nightwish, et des chansons de la carri\u00e8re solo de Tarja. La particularit\u00e9 de ce live est qu&rsquo;il est pr\u00e9sent\u00e9 comme un duo entre Tarja (au chant) et Mike Terrana (\u00e0 la batterie). Le concert est\u00a0produit avec un orchestre symphonique.<\/p>\n<p style=\"text-align: justify;\"><strong><span style=\"color: #ff99cc;\">Acheter \u00ab\u00a0Beauty And The Beat\u00a0\u00bb :<\/span>\u00a0 <\/strong><a title=\"Cliquez ici !\" href=\"http:\/\/www.amazon.fr\/gp\/product\/B00JDWVRZI\/ref=as_li_tl?ie=UTF8&amp;camp=1642&amp;creative=19458&amp;creativeASIN=B00JDWVRZI&amp;linkCode=as2&amp;tag=tarjafr-21\" target=\"_blank\">cliquez ici !<\/a><\/p>\n","protected":false},"excerpt":{"rendered":"<p>CD 1 : Concert For Violin &amp; Oboe (Mike) Blute Nur (Tarja) Zuneignung &#8211; Op. 10, No. 1 (Tarja) Barber of Seville (Mike) New World Symphony (Mike) Song To The Moon (Tarja) Vilja Lied (Tarja) O Mio Babbino Caro (Tarja) Can-can (Mike) I Feel Pretty (Tarja) William Tell Overture (Mike) Mein Herr Marquis (Tarja) Eine [&hellip;]<\/p>\n","protected":false},"author":1,"featured_media":0,"parent":0,"menu_order":0,"comment_status":"closed","ping_status":"closed","template":"","meta":{"footnotes":""},"class_list":["post-539","page","type-page","status-publish","hentry"],"_links":{"self":[{"href":"http:\/\/www.tarja.fr\/web\/wp-json\/wp\/v2\/pages\/539","targetHints":{"allow":["GET"]}}],"collection":[{"href":"http:\/\/www.tarja.fr\/web\/wp-json\/wp\/v2\/pages"}],"about":[{"href":"http:\/\/www.tarja.fr\/web\/wp-json\/wp\/v2\/types\/page"}],"author":[{"embeddable":true,"href":"http:\/\/www.tarja.fr\/web\/wp-json\/wp\/v2\/users\/1"}],"replies":[{"embeddable":true,"href":"http:\/\/www.tarja.fr\/web\/wp-json\/wp\/v2\/comments?post=539"}],"version-history":[{"count":1,"href":"http:\/\/www.tarja.fr\/web\/wp-json\/wp\/v2\/pages\/539\/revisions"}],"predecessor-version":[{"id":542,"href":"http:\/\/www.tarja.fr\/web\/wp-json\/wp\/v2\/pages\/539\/revisions\/542"}],"wp:attachment":[{"href":"http:\/\/www.tarja.fr\/web\/wp-json\/wp\/v2\/media?parent=539"}],"curies":[{"name":"wp","href":"https:\/\/api.w.org\/{rel}","templated":true}]}}