{"id":543,"date":"2016-04-22T14:35:30","date_gmt":"2016-04-22T13:35:30","guid":{"rendered":"http:\/\/www.tarja.fr\/web\/?page_id=543"},"modified":"2016-04-22T14:35:30","modified_gmt":"2016-04-22T13:35:30","slug":"2015-ave-maria","status":"publish","type":"page","link":"http:\/\/www.tarja.fr\/web\/2015-ave-maria\/","title":{"rendered":"2015 : Ave Maria"},"content":{"rendered":"<p><img loading=\"lazy\" decoding=\"async\" class=\"size-full wp-image-193 aligncenter\" src=\"http:\/\/www.tarja.fr\/web\/wp-content\/uploads\/2016\/04\/AveMaria-300.jpg\" alt=\"Ave\" width=\"300\" height=\"300\" \/><\/p>\n<h6 style=\"text-align: center;\">tracklisting :<br \/>\ncontient 12\u00a0versions diff\u00e9rentes de l&rsquo;Ave Maria, dont une compos\u00e9e par Tarja<\/h6>\n<p><strong><span style=\"color: #ff99cc;\">Date de sortie :<\/span> <\/strong>11 Septembre 2015<br \/>\n<span style=\"color: #ff99cc;\"><strong>Label : <\/strong><\/span>Earmusic \/ Universal Music<\/p>\n<p><strong><span style=\"color: #ff99cc;\">Pochettes alternatives :<\/span><br \/>\n<a href=\"http:\/\/www.tarja.fr\/web\/wp-content\/uploads\/2016\/04\/avemaria-alter.jpg\"><img loading=\"lazy\" decoding=\"async\" class=\"alignnone size-thumbnail wp-image-545\" src=\"http:\/\/www.tarja.fr\/web\/wp-content\/uploads\/2016\/04\/avemaria-alter-150x150.jpg\" alt=\"avemaria-alter\" width=\"150\" height=\"150\" srcset=\"http:\/\/www.tarja.fr\/web\/wp-content\/uploads\/2016\/04\/avemaria-alter-150x150.jpg 150w, http:\/\/www.tarja.fr\/web\/wp-content\/uploads\/2016\/04\/avemaria-alter-300x300.jpg 300w, http:\/\/www.tarja.fr\/web\/wp-content\/uploads\/2016\/04\/avemaria-alter-768x768.jpg 768w, http:\/\/www.tarja.fr\/web\/wp-content\/uploads\/2016\/04\/avemaria-alter-624x624.jpg 624w, http:\/\/www.tarja.fr\/web\/wp-content\/uploads\/2016\/04\/avemaria-alter.jpg 798w\" sizes=\"auto, (max-width: 150px) 100vw, 150px\" \/><\/a><br \/>\n<\/strong><\/p>\n<p style=\"text-align: justify;\"><span style=\"color: #ff99cc;\"><strong>Description de l&rsquo;album : <\/strong><\/span><br \/>\n\u00ab\u00a0Ave Maria En Plein Air\u00a0\u00bb est le premier album classique de Tarja. Il contient douze versions de l&rsquo;Ave Maria \u00e9crites par plusieurs compositeurs, dont Paolo Tosti, Bach et m\u00eame Tarja elle-m\u00eame. Un album classique tout en douceur et assez particulier, et \u00e0 mettre de c\u00f4t\u00e9 compar\u00e9 \u00e0 la carri\u00e8re solo \u00ab\u00a0rock\u00a0\u00bb de la chanteuse finlandaise.<\/p>\n<p style=\"text-align: justify;\"><strong><span style=\"color: #ff99cc;\">Acheter \u00ab\u00a0Ave Maria\u00a0\u00bb :<\/span>\u00a0 <\/strong><a title=\"Cliquez ici !\" href=\"http:\/\/www.amazon.fr\/gp\/product\/B012BTVTI4\/ref=as_li_tl?ie=UTF8&amp;camp=1642&amp;creative=19458&amp;creativeASIN=B012BTVTI4&amp;linkCode=as2&amp;tag=tarjafr-21\" target=\"_blank\">cliquez ici !<\/a><\/p>\n","protected":false},"excerpt":{"rendered":"<p>tracklisting : contient 12\u00a0versions diff\u00e9rentes de l&rsquo;Ave Maria, dont une compos\u00e9e par Tarja Date de sortie : 11 Septembre 2015 Label : Earmusic \/ Universal Music Pochettes alternatives : Description de l&rsquo;album : \u00ab\u00a0Ave Maria En Plein Air\u00a0\u00bb est le premier album classique de Tarja. Il contient douze versions de l&rsquo;Ave Maria \u00e9crites par plusieurs [&hellip;]<\/p>\n","protected":false},"author":1,"featured_media":0,"parent":0,"menu_order":0,"comment_status":"closed","ping_status":"closed","template":"","meta":{"footnotes":""},"class_list":["post-543","page","type-page","status-publish","hentry"],"_links":{"self":[{"href":"http:\/\/www.tarja.fr\/web\/wp-json\/wp\/v2\/pages\/543","targetHints":{"allow":["GET"]}}],"collection":[{"href":"http:\/\/www.tarja.fr\/web\/wp-json\/wp\/v2\/pages"}],"about":[{"href":"http:\/\/www.tarja.fr\/web\/wp-json\/wp\/v2\/types\/page"}],"author":[{"embeddable":true,"href":"http:\/\/www.tarja.fr\/web\/wp-json\/wp\/v2\/users\/1"}],"replies":[{"embeddable":true,"href":"http:\/\/www.tarja.fr\/web\/wp-json\/wp\/v2\/comments?post=543"}],"version-history":[{"count":1,"href":"http:\/\/www.tarja.fr\/web\/wp-json\/wp\/v2\/pages\/543\/revisions"}],"predecessor-version":[{"id":546,"href":"http:\/\/www.tarja.fr\/web\/wp-json\/wp\/v2\/pages\/543\/revisions\/546"}],"wp:attachment":[{"href":"http:\/\/www.tarja.fr\/web\/wp-json\/wp\/v2\/media?parent=543"}],"curies":[{"name":"wp","href":"https:\/\/api.w.org\/{rel}","templated":true}]}}