{"id":90,"date":"2013-06-06T21:50:55","date_gmt":"2013-06-06T20:50:55","guid":{"rendered":"http:\/\/cluster015.ovh.net\/~tarja\/web\/?page_id=90"},"modified":"2013-06-09T07:55:57","modified_gmt":"2013-06-09T06:55:57","slug":"2007-my-winter-storm","status":"publish","type":"page","link":"http:\/\/www.tarja.fr\/web\/2007-my-winter-storm\/","title":{"rendered":"2007 : My Winter Storm"},"content":{"rendered":"<h6 style=\"text-align: center;\"><img loading=\"lazy\" decoding=\"async\" class=\"aligncenter size-full wp-image-82\" alt=\"My Winter Storm\" src=\"http:\/\/www.tarja.fr\/web\/wp-content\/uploads\/2013\/06\/mywinterstorm-300.jpg\" width=\"300\" height=\"300\" srcset=\"http:\/\/www.tarja.fr\/web\/wp-content\/uploads\/2013\/06\/mywinterstorm-300.jpg 300w, http:\/\/www.tarja.fr\/web\/wp-content\/uploads\/2013\/06\/mywinterstorm-300-150x150.jpg 150w\" sizes=\"auto, (max-width: 300px) 100vw, 300px\" \/>Ite, Missa Est<br \/>\nI Walk Alone<br \/>\nLost Northern Star<br \/>\nSeeking For The Reign<br \/>\nThe Reign<br \/>\nThe Escape Of The Doll<br \/>\nMy Little Phoenix<br \/>\nDie Alive<br \/>\nBoy And The Ghost<br \/>\nSing For Me<br \/>\nO\u00e1sis<br \/>\nPoison<br \/>\nOur Great Divide<br \/>\nSunset<br \/>\nDamned And Divine<br \/>\nCiar\u00e1n&rsquo;s Well<br \/>\nMinor Heaven<br \/>\nCalling Grace<\/h6>\n<p style=\"text-align: center;\"><a href=\"http:\/\/www.tarja.fr\/web\/wp-content\/uploads\/2013\/06\/515384_895672320_1250542219540-f_H053334_L.jpg\"><img loading=\"lazy\" decoding=\"async\" class=\"alignnone size-thumbnail wp-image-223\" alt=\"MWS\" src=\"http:\/\/www.tarja.fr\/web\/wp-content\/uploads\/2013\/06\/515384_895672320_1250542219540-f_H053334_L-150x150.jpg\" width=\"150\" height=\"150\" \/><\/a>\u00a0 <a href=\"http:\/\/www.tarja.fr\/web\/wp-content\/uploads\/2013\/06\/photos-de-tarja_2942823-L.jpg\"><img loading=\"lazy\" decoding=\"async\" class=\"alignnone size-thumbnail wp-image-226\" alt=\"MWS\" src=\"http:\/\/www.tarja.fr\/web\/wp-content\/uploads\/2013\/06\/photos-de-tarja_2942823-L-150x150.jpg\" width=\"150\" height=\"150\" \/><\/a> <a href=\"http:\/\/www.tarja.fr\/web\/wp-content\/uploads\/2013\/06\/tarja.jpg\"><img loading=\"lazy\" decoding=\"async\" class=\"alignnone size-thumbnail wp-image-227\" alt=\"MWS\" src=\"http:\/\/www.tarja.fr\/web\/wp-content\/uploads\/2013\/06\/tarja-150x150.jpg\" width=\"150\" height=\"150\" \/><\/a><\/p>\n<p style=\"text-align: center;\"><a href=\"http:\/\/www.tarja.fr\/web\/wp-content\/uploads\/2013\/06\/winter_tarja_wallpaper_by_cgholy-d495hit.png\"><img loading=\"lazy\" decoding=\"async\" class=\"alignnone size-thumbnail wp-image-228\" alt=\"MWS\" src=\"http:\/\/www.tarja.fr\/web\/wp-content\/uploads\/2013\/06\/winter_tarja_wallpaper_by_cgholy-d495hit-150x150.png\" width=\"150\" height=\"150\" \/><\/a> <a href=\"http:\/\/www.tarja.fr\/web\/wp-content\/uploads\/2013\/06\/MWS.jpg\"><img loading=\"lazy\" decoding=\"async\" class=\"alignnone size-thumbnail wp-image-229\" alt=\"MWS\" src=\"http:\/\/www.tarja.fr\/web\/wp-content\/uploads\/2013\/06\/MWS-150x150.jpg\" width=\"150\" height=\"150\" \/><\/a><\/p>\n<p style=\"text-align: left;\"><span style=\"color: #ff99cc;\"><strong>Date de sortie : <\/strong><\/span>19 Novembre 2007<br \/>\n<span style=\"color: #ff99cc;\"><strong>Dur\u00e9e : <\/strong><\/span>60&rsquo;58 (pour la version standard)<br \/>\n<span style=\"color: #ff99cc;\"><strong>Label : <\/strong><\/span>Vertigo \/ Universal<\/p>\n<p style=\"text-align: left;\"><span style=\"color: #ff99cc;\"><strong>Pochette alternative :<\/strong><\/span><br \/>\n<a href=\"http:\/\/www.tarja.fr\/web\/wp-content\/uploads\/2013\/06\/0060251788504_600.jpg\"><img loading=\"lazy\" decoding=\"async\" alt=\"MWS\" src=\"http:\/\/www.tarja.fr\/web\/wp-content\/uploads\/2013\/06\/0060251788504_600-150x150.jpg\" width=\"150\" height=\"150\" \/><\/a><\/p>\n<p style=\"text-align: left;\"><strong><span style=\"color: #ff99cc;\">Singles :<\/span><br \/>\n<\/strong>1. I Walk Alone (Octobre 2007)<br \/>\n2. Die Alive (Mars 2008)<br \/>\n3. Enough (Mars 2009)<\/p>\n<p style=\"text-align: left;\"><span style=\"color: #ff99cc;\"><strong>Bonus tracks : <\/strong><\/span><br \/>\n&#8211; \u00ab\u00a0Damned Vampire &amp; Gothic Divine\u00a0\u00bb (Version Heavy de \u00ab\u00a0Damned And Divine\u00a0\u00bb)<br \/>\n&#8211; \u00ab\u00a0The Seer\u00a0\u00bb<br \/>\n&#8211; \u00ab\u00a0Enough\u00a0\u00bb<br \/>\n&#8211; \u00ab\u00a0Wisdom Of Wind\u00a0\u00bb<br \/>\n&#8211; divers remixes et versions alternatives ou instrumentales.<\/p>\n<p style=\"text-align: justify;\"><strong><span style=\"color: #ff99cc;\">Remarques :<\/span><br \/>\n<\/strong>\u00ab\u00a0My Winter Storm\u00a0\u00bb est le premier v\u00e9ritable album solo de Tarja, tout du moins son premier album solo \u00ab\u00a0metal\u00a0\u00bb. Le titre \u00ab\u00a0My Winter Storm\u00a0\u00bb d\u00e9crit ses fans qui l&rsquo;ont soutenu durant toutes les ann\u00e9es avec Nightwish et au d\u00e9but de sa carri\u00e8re solo. L&rsquo;album fut pr\u00e9c\u00e9d\u00e9 d&rsquo;un premier single, \u00ab\u00a0I Walk Alone\u00a0\u00bb, au nom tr\u00e8s \u00e9vocateur suite \u00e0 son \u00e9viction de Nightwish.<\/p>\n<p style=\"text-align: justify;\"><span style=\"color: #ff99cc;\"><strong>Description de l&rsquo;album : <\/strong><\/span><br \/>\nL&rsquo;album porte bien son nom : avec une ambiance douce et feutr\u00e9e, c&rsquo;est un album qu&rsquo;on \u00e9coute avec plaisir lors de longues soir\u00e9es d&rsquo;hiver ;-). Pour un premier album \u00ab\u00a0metal\u00a0\u00bb, certains fans seront un peu d\u00e9\u00e7us, car les ballades constituent une part tr\u00e8s importante de l&rsquo;album. (Le message sera bien compris et les ballades se feront plus rares sur les prochains albums). Dans tous les cas, les ballades sont g\u00e9n\u00e9ralement tr\u00e8s r\u00e9ussies car elles permettent \u00e0 Tarja d&rsquo;offrir toute l&rsquo;\u00e9tendue de sa voix lyrique. \u00ab\u00a0Sing For Me\u00a0\u00bb ou \u00ab\u00a0The Reign\u00a0\u00bb sont deux parfaits exemples de ballades r\u00e9ussies. Les chansons plus heavys sont tout de m\u00eame pr\u00e9sentes : \u00ab\u00a0Lost Northern Star\u00a0\u00bb est efficace (et le remix de Peter T\u00e4gtgren est redoutable), et le single \u00ab\u00a0Die Alive\u00a0\u00bb tout autant (le pont crescendo est parfait et garantie des frissons en live). A c\u00f4t\u00e9 de ces morceaux, Tarja offre plusieurs exp\u00e9rimentations (ce sera le cas de tous ses albums solos) et \u00ab\u00a0ose\u00a0\u00bb : \u00ab\u00a0Oasis\u00a0\u00bb est une tr\u00e8s belle ballade chant\u00e9e en finnois et&#8230; int\u00e9gralement \u00e9crit et compos\u00e9 par Tarja (ce qu&rsquo;elle n&rsquo;avait jamais pu faire avec Nightwish). \u00ab\u00a0Poison\u00a0\u00bb est la reprise inattendue du morceau d&rsquo;Alice Cooper, et \u00ab\u00a0Ciaran&rsquo;s Well\u00a0\u00bb est un morceau tr\u00e8s heavy laissant place aux vocalises de la chanteuse.<br \/>\nAu final, \u00ab\u00a0My Winter Storm\u00a0\u00bb est un album qui peut d\u00e9cevoir \u00e0 la premi\u00e8re \u00e9coute, en particulier si on s&rsquo;attendait \u00e0 un album proche de ceux de Nightwish. Mais apr\u00e8s quelques \u00e9coutes, on d\u00e9couvre toute sa magie et la profondeur de la voix de Tarja, toujours intacte.<\/p>\n<p>&nbsp;<\/p>\n","protected":false},"excerpt":{"rendered":"<p>Ite, Missa Est I Walk Alone Lost Northern Star Seeking For The Reign The Reign The Escape Of The Doll My Little Phoenix Die Alive Boy And The Ghost Sing For Me O\u00e1sis Poison Our Great Divide Sunset Damned And Divine Ciar\u00e1n&rsquo;s Well Minor Heaven Calling Grace \u00a0 Date de sortie : 19 Novembre 2007 [&hellip;]<\/p>\n","protected":false},"author":1,"featured_media":0,"parent":0,"menu_order":0,"comment_status":"closed","ping_status":"closed","template":"","meta":{"footnotes":""},"class_list":["post-90","page","type-page","status-publish","hentry"],"_links":{"self":[{"href":"http:\/\/www.tarja.fr\/web\/wp-json\/wp\/v2\/pages\/90","targetHints":{"allow":["GET"]}}],"collection":[{"href":"http:\/\/www.tarja.fr\/web\/wp-json\/wp\/v2\/pages"}],"about":[{"href":"http:\/\/www.tarja.fr\/web\/wp-json\/wp\/v2\/types\/page"}],"author":[{"embeddable":true,"href":"http:\/\/www.tarja.fr\/web\/wp-json\/wp\/v2\/users\/1"}],"replies":[{"embeddable":true,"href":"http:\/\/www.tarja.fr\/web\/wp-json\/wp\/v2\/comments?post=90"}],"version-history":[{"count":33,"href":"http:\/\/www.tarja.fr\/web\/wp-json\/wp\/v2\/pages\/90\/revisions"}],"predecessor-version":[{"id":241,"href":"http:\/\/www.tarja.fr\/web\/wp-json\/wp\/v2\/pages\/90\/revisions\/241"}],"wp:attachment":[{"href":"http:\/\/www.tarja.fr\/web\/wp-json\/wp\/v2\/media?parent=90"}],"curies":[{"name":"wp","href":"https:\/\/api.w.org\/{rel}","templated":true}]}}